{"id":7036,"date":"2022-03-13T10:42:59","date_gmt":"2022-03-13T09:42:59","guid":{"rendered":"https:\/\/mizzon360coffeecaps.com\/?page_id=7036"},"modified":"2022-06-27T18:11:52","modified_gmt":"2022-06-27T16:11:52","slug":"capsule-mizzon-design","status":"publish","type":"page","link":"https:\/\/mizzon360coffeecaps.com\/en\/capsule-mizzon-design\/","title":{"rendered":"Capsule Mizzon Design"},"content":{"rendered":"<div data-elementor-type=\"wp-page\" data-elementor-id=\"7036\" class=\"elementor elementor-7036\" data-elementor-settings=\"{&quot;ha_cmc_init_switcher&quot;:&quot;no&quot;}\">\n\t\t\t\t\t\t<section class=\"elementor-section elementor-top-section elementor-element elementor-element-599e693 elementor-section-content-middle elementor-section-boxed elementor-section-height-default elementor-section-height-default\" data-id=\"599e693\" data-element_type=\"section\" data-e-type=\"section\" data-settings=\"{&quot;_ha_eqh_enable&quot;:false}\">\n\t\t\t\t\t\t<div class=\"elementor-container elementor-column-gap-default\">\n\t\t\t\t\t<div class=\"elementor-column elementor-col-100 elementor-top-column elementor-element elementor-element-60f4d9e\" data-id=\"60f4d9e\" data-element_type=\"column\" data-e-type=\"column\">\n\t\t\t<div class=\"elementor-widget-wrap elementor-element-populated\">\n\t\t\t\t\t\t<div class=\"elementor-element elementor-element-e7abbdf elementor-arrows-position-inside elementor-pagination-position-outside elementor-widget elementor-widget-image-carousel\" data-id=\"e7abbdf\" data-element_type=\"widget\" data-e-type=\"widget\" data-settings=\"{&quot;slides_to_show&quot;:&quot;1&quot;,&quot;slides_to_show_mobile&quot;:&quot;1&quot;,&quot;navigation&quot;:&quot;both&quot;,&quot;autoplay&quot;:&quot;yes&quot;,&quot;pause_on_hover&quot;:&quot;yes&quot;,&quot;pause_on_interaction&quot;:&quot;yes&quot;,&quot;autoplay_speed&quot;:5000,&quot;infinite&quot;:&quot;yes&quot;,&quot;effect&quot;:&quot;slide&quot;,&quot;speed&quot;:500}\" data-widget_type=\"image-carousel.default\">\n\t\t\t\t<div class=\"elementor-widget-container\">\n\t\t\t\t\t\t\t<div class=\"elementor-image-carousel-wrapper swiper\" role=\"region\" aria-roledescription=\"carousel\" aria-label=\"Image Carousel\" dir=\"ltr\" data-no-translation-aria-label=\"\">\n\t\t\t<div class=\"elementor-image-carousel swiper-wrapper\" aria-live=\"off\">\n\t\t\t\t\t\t\t\t<div class=\"swiper-slide\" role=\"group\" aria-roledescription=\"slide\" aria-label=\"1 of 7\" data-no-translation-aria-label=\"\"><figure class=\"swiper-slide-inner\"><img decoding=\"async\" class=\"swiper-slide-image\" src=\"https:\/\/mizzon360coffeecaps.com\/wp-content\/uploads\/2022\/03\/MIZZON-DESIGN_03-1024x576.jpg\" alt=\"ORO\" \/><figcaption class=\"elementor-image-carousel-caption\">GOLD<\/figcaption><\/figure><\/div><div class=\"swiper-slide\" role=\"group\" aria-roledescription=\"slide\" aria-label=\"2 of 7\" data-no-translation-aria-label=\"\"><figure class=\"swiper-slide-inner\"><img decoding=\"async\" class=\"swiper-slide-image\" src=\"https:\/\/mizzon360coffeecaps.com\/wp-content\/uploads\/2022\/03\/MIZZON-DESIGN_06-1024x576.jpg\" alt=\"ROSSO\" \/><figcaption class=\"elementor-image-carousel-caption\">RED<\/figcaption><\/figure><\/div><div class=\"swiper-slide\" role=\"group\" aria-roledescription=\"slide\" aria-label=\"3 of 7\" data-no-translation-aria-label=\"\"><figure class=\"swiper-slide-inner\"><img decoding=\"async\" class=\"swiper-slide-image\" src=\"https:\/\/mizzon360coffeecaps.com\/wp-content\/uploads\/2022\/03\/MIZZON-DESIGN_07-1024x576.jpg\" alt=\"ARANCIONE\" \/><figcaption class=\"elementor-image-carousel-caption\">ORANGE<\/figcaption><\/figure><\/div><div class=\"swiper-slide\" role=\"group\" aria-roledescription=\"slide\" aria-label=\"4 of 7\" data-no-translation-aria-label=\"\"><figure class=\"swiper-slide-inner\"><img decoding=\"async\" class=\"swiper-slide-image\" src=\"https:\/\/mizzon360coffeecaps.com\/wp-content\/uploads\/2022\/03\/MIZZON-DESIGN_01-1024x576.jpg\" alt=\"AZZURRO\" \/><figcaption class=\"elementor-image-carousel-caption\">SKY BLUE<\/figcaption><\/figure><\/div><div class=\"swiper-slide\" role=\"group\" aria-roledescription=\"slide\" aria-label=\"5 of 7\" data-no-translation-aria-label=\"\"><figure class=\"swiper-slide-inner\"><img decoding=\"async\" class=\"swiper-slide-image\" src=\"https:\/\/mizzon360coffeecaps.com\/wp-content\/uploads\/2022\/03\/MIZZON-DESIGN_02-1024x576.jpg\" alt=\"ARGENTO\" \/><figcaption class=\"elementor-image-carousel-caption\">SILVER<\/figcaption><\/figure><\/div><div class=\"swiper-slide\" role=\"group\" aria-roledescription=\"slide\" aria-label=\"6 of 7\" data-no-translation-aria-label=\"\"><figure class=\"swiper-slide-inner\"><img decoding=\"async\" class=\"swiper-slide-image\" src=\"https:\/\/mizzon360coffeecaps.com\/wp-content\/uploads\/2022\/03\/MIZZON-DESIGN_04-1024x576.jpg\" alt=\"MARRONE\" \/><figcaption class=\"elementor-image-carousel-caption\">BROWN<\/figcaption><\/figure><\/div><div class=\"swiper-slide\" role=\"group\" aria-roledescription=\"slide\" aria-label=\"7 of 7\" data-no-translation-aria-label=\"\"><figure class=\"swiper-slide-inner\"><img decoding=\"async\" class=\"swiper-slide-image\" src=\"https:\/\/mizzon360coffeecaps.com\/wp-content\/uploads\/2022\/03\/MIZZON-DESIGN_05-1024x576.jpg\" alt=\"NERO\" \/><figcaption class=\"elementor-image-carousel-caption\">BLACK<\/figcaption><\/figure><\/div>\t\t\t<\/div>\n\t\t\t\t\t\t\t\t\t\t\t\t<div class=\"elementor-swiper-button elementor-swiper-button-prev\" role=\"button\" tabindex=\"0\">\n\t\t\t\t\t\t<svg aria-hidden=\"true\" class=\"e-font-icon-svg e-eicon-chevron-left\" viewbox=\"0 0 1000 1000\" xmlns=\"http:\/\/www.w3.org\/2000\/svg\"><path d=\"M646 125C629 125 613 133 604 142L308 442C296 454 292 471 292 487 292 504 296 521 308 533L604 854C617 867 629 875 646 875 663 875 679 871 692 858 704 846 713 829 713 812 713 796 708 779 692 767L438 487 692 225C700 217 708 204 708 187 708 171 704 154 692 142 675 129 663 125 646 125Z\"><\/path><\/svg>\t\t\t\t\t<\/div>\n\t\t\t\t\t<div class=\"elementor-swiper-button elementor-swiper-button-next\" role=\"button\" tabindex=\"0\">\n\t\t\t\t\t\t<svg aria-hidden=\"true\" class=\"e-font-icon-svg e-eicon-chevron-right\" viewbox=\"0 0 1000 1000\" xmlns=\"http:\/\/www.w3.org\/2000\/svg\"><path d=\"M696 533C708 521 713 504 713 487 713 471 708 454 696 446L400 146C388 133 375 125 354 125 338 125 325 129 313 142 300 154 292 171 292 187 292 204 296 221 308 233L563 492 304 771C292 783 288 800 288 817 288 833 296 850 308 863 321 871 338 875 354 875 371 875 388 867 400 854L696 533Z\"><\/path><\/svg>\t\t\t\t\t<\/div>\n\t\t\t\t\n\t\t\t\t\t\t\t\t\t<div class=\"swiper-pagination\"><\/div>\n\t\t\t\t\t\t\t\t\t<\/div>\n\t\t\t\t\t\t<\/div>\n\t\t\t\t<\/div>\n\t\t\t\t\t<\/div>\n\t\t<\/div>\n\t\t\t\t\t<\/div>\n\t\t<\/section>\n\t\t\t\t<section class=\"elementor-section elementor-top-section elementor-element elementor-element-fa2b44e elementor-section-full_width elementor-section-height-default elementor-section-height-default\" data-id=\"fa2b44e\" data-element_type=\"section\" data-e-type=\"section\" data-settings=\"{&quot;_ha_eqh_enable&quot;:false}\">\n\t\t\t\t\t\t<div class=\"elementor-container elementor-column-gap-default\">\n\t\t\t\t\t<div class=\"elementor-column elementor-col-50 elementor-top-column elementor-element elementor-element-ed41146\" data-id=\"ed41146\" data-element_type=\"column\" data-e-type=\"column\">\n\t\t\t<div class=\"elementor-widget-wrap elementor-element-populated\">\n\t\t\t\t\t\t<div class=\"elementor-element elementor-element-f8cc0bd elementor-widget elementor-widget-image\" data-id=\"f8cc0bd\" data-element_type=\"widget\" data-e-type=\"widget\" data-widget_type=\"image.default\">\n\t\t\t\t<div class=\"elementor-widget-container\">\n\t\t\t\t\t\t\t\t\t\t\t\t\t\t\t<img fetchpriority=\"high\" decoding=\"async\" width=\"2560\" height=\"1440\" src=\"https:\/\/mizzon360coffeecaps.com\/wp-content\/uploads\/2022\/04\/MIZZON-DESIGN_05-scaled.jpg\" class=\"attachment-full size-full wp-image-7513\" alt=\"\" srcset=\"https:\/\/mizzon360coffeecaps.com\/wp-content\/uploads\/2022\/04\/MIZZON-DESIGN_05-scaled.jpg 2560w, https:\/\/mizzon360coffeecaps.com\/wp-content\/uploads\/2022\/04\/MIZZON-DESIGN_05-300x169.jpg 300w, https:\/\/mizzon360coffeecaps.com\/wp-content\/uploads\/2022\/04\/MIZZON-DESIGN_05-1024x576.jpg 1024w, https:\/\/mizzon360coffeecaps.com\/wp-content\/uploads\/2022\/04\/MIZZON-DESIGN_05-768x432.jpg 768w, https:\/\/mizzon360coffeecaps.com\/wp-content\/uploads\/2022\/04\/MIZZON-DESIGN_05-1536x864.jpg 1536w, https:\/\/mizzon360coffeecaps.com\/wp-content\/uploads\/2022\/04\/MIZZON-DESIGN_05-2048x1152.jpg 2048w, https:\/\/mizzon360coffeecaps.com\/wp-content\/uploads\/2022\/04\/MIZZON-DESIGN_05-800x450.jpg 800w, https:\/\/mizzon360coffeecaps.com\/wp-content\/uploads\/2022\/04\/MIZZON-DESIGN_05-160x90.jpg 160w, https:\/\/mizzon360coffeecaps.com\/wp-content\/uploads\/2022\/04\/MIZZON-DESIGN_05-142x80.jpg 142w\" sizes=\"(max-width: 2560px) 100vw, 2560px\" \/>\t\t\t\t\t\t\t\t\t\t\t\t\t\t\t<\/div>\n\t\t\t\t<\/div>\n\t\t\t\t\t<\/div>\n\t\t<\/div>\n\t\t\t\t<div class=\"elementor-column elementor-col-50 elementor-top-column elementor-element elementor-element-6eeff6f\" data-id=\"6eeff6f\" data-element_type=\"column\" data-e-type=\"column\">\n\t\t\t<div class=\"elementor-widget-wrap elementor-element-populated\">\n\t\t\t\t\t\t<div class=\"elementor-element elementor-element-2315336 elementor-widget-divider--view-line elementor-widget elementor-widget-divider\" data-id=\"2315336\" data-element_type=\"widget\" data-e-type=\"widget\" data-widget_type=\"divider.default\">\n\t\t\t\t<div class=\"elementor-widget-container\">\n\t\t\t\t\t\t\t<div class=\"elementor-divider\">\n\t\t\t<span class=\"elementor-divider-separator\">\n\t\t\t\t\t\t<\/span>\n\t\t<\/div>\n\t\t\t\t\t\t<\/div>\n\t\t\t\t<\/div>\n\t\t\t\t<div class=\"elementor-element elementor-element-9762f9b elementor-widget elementor-widget-heading\" data-id=\"9762f9b\" data-element_type=\"widget\" data-e-type=\"widget\" data-widget_type=\"heading.default\">\n\t\t\t\t<div class=\"elementor-widget-container\">\n\t\t\t\t\t<h2 class=\"elementor-heading-title elementor-size-default\">Our capsules Mizzon<\/h2>\t\t\t\t<\/div>\n\t\t\t\t<\/div>\n\t\t\t\t<div class=\"elementor-element elementor-element-acea203 elementor-widget elementor-widget-heading\" data-id=\"acea203\" data-element_type=\"widget\" data-e-type=\"widget\" data-widget_type=\"heading.default\">\n\t\t\t\t<div class=\"elementor-widget-container\">\n\t\t\t\t\t<div class=\"elementor-heading-title elementor-size-default\">\"Design made in Italy\"<\/div>\t\t\t\t<\/div>\n\t\t\t\t<\/div>\n\t\t\t\t<div class=\"elementor-element elementor-element-7162f09 elementor-widget elementor-widget-text-editor\" data-id=\"7162f09\" data-element_type=\"widget\" data-e-type=\"widget\" data-widget_type=\"text-editor.default\">\n\t\t\t\t<div class=\"elementor-widget-container\">\n\t\t\t\t\t\t\t\t\t<p>The Mizzon Capsule, 100% aluminum, was conceived with an exclusive and innovative design to achieve maximum holding capacity when extracting coffee.\u00a0 <br \/>The special design of the capsule also allows it to be used for soluble products and tea<\/p>\t\t\t\t\t\t\t\t<\/div>\n\t\t\t\t<\/div>\n\t\t\t\t<div class=\"elementor-element elementor-element-70c87b5 elementor-align-left elementor-widget elementor-widget-button\" data-id=\"70c87b5\" data-element_type=\"widget\" data-e-type=\"widget\" data-widget_type=\"button.default\">\n\t\t\t\t<div class=\"elementor-widget-container\">\n\t\t\t\t\t\t\t\t\t<div class=\"elementor-button-wrapper\">\n\t\t\t\t\t<a class=\"elementor-button elementor-button-link elementor-size-sm\" href=\"#form\">\n\t\t\t\t\t\t<span class=\"elementor-button-content-wrapper\">\n\t\t\t\t\t\t\t\t\t<span class=\"elementor-button-text\">CONTACT US!<\/span>\n\t\t\t\t\t<\/span>\n\t\t\t\t\t<\/a>\n\t\t\t\t<\/div>\n\t\t\t\t\t\t\t\t<\/div>\n\t\t\t\t<\/div>\n\t\t\t\t\t<\/div>\n\t\t<\/div>\n\t\t\t\t\t<\/div>\n\t\t<\/section>\n\t\t\t\t<\/div>","protected":false},"excerpt":{"rendered":"<p>ORO ROSSO ARANCIONE AZZURRO ARGENTO MARRONE NERO Precedente Successivo Le nostre capsule Mizzon &#8220;Il Design made in Italy&#8221; La Capsula Mizzon, 100% in alluminio, \u00e8 stata concepita con un design esclusivo e brevettato per ottenere la massima capacit\u00e0 di tenuta in fase di estrazione del caff\u00e8.\u00a0 Il particolare design della capsula permette l&#8217;utilizzo anche per [&hellip;]<\/p>\n","protected":false},"author":1,"featured_media":0,"parent":0,"menu_order":0,"comment_status":"closed","ping_status":"closed","template":"","meta":{"inline_featured_image":false,"footnotes":""},"class_list":["post-7036","page","type-page","status-publish","hentry"],"yoast_head":"<!-- This site is optimized with the Yoast SEO plugin v27.4 - https:\/\/yoast.com\/product\/yoast-seo-wordpress\/ -->\n<title>Capsule Mizzon Design - Mizzon 360 Coffee Caps<\/title>\n<meta name=\"robots\" content=\"index, follow, max-snippet:-1, max-image-preview:large, max-video-preview:-1\" \/>\n<link rel=\"canonical\" href=\"https:\/\/mizzon360coffeecaps.com\/en\/capsule-mizzon-design\/\" \/>\n<meta property=\"og:locale\" content=\"en_GB\" \/>\n<meta property=\"og:type\" content=\"article\" \/>\n<meta property=\"og:title\" content=\"Capsule Mizzon Design - Mizzon 360 Coffee Caps\" \/>\n<meta property=\"og:description\" content=\"ORO ROSSO ARANCIONE AZZURRO ARGENTO MARRONE NERO Precedente Successivo Le nostre capsule Mizzon &#8220;Il Design made in Italy&#8221; La Capsula Mizzon, 100% in alluminio, \u00e8 stata concepita con un design esclusivo e brevettato per ottenere la massima capacit\u00e0 di tenuta in fase di estrazione del caff\u00e8.\u00a0 Il particolare design della capsula permette l&#8217;utilizzo anche per [&hellip;]\" \/>\n<meta property=\"og:url\" content=\"https:\/\/mizzon360coffeecaps.com\/en\/capsule-mizzon-design\/\" \/>\n<meta property=\"og:site_name\" content=\"Mizzon 360 Coffee Caps\" \/>\n<meta property=\"article:modified_time\" content=\"2022-06-27T16:11:52+00:00\" \/>\n<meta property=\"og:image\" content=\"https:\/\/mizzon360coffeecaps.com\/wp-content\/uploads\/2022\/03\/MIZZON-DESIGN_03-1024x576.jpg\" \/>\n<meta name=\"twitter:card\" content=\"summary_large_image\" \/>\n<meta name=\"twitter:label1\" content=\"Estimated reading time\" \/>\n\t<meta name=\"twitter:data1\" content=\"3 minutes\" \/>\n<script type=\"application\/ld+json\" class=\"yoast-schema-graph\">{\"@context\":\"https:\\\/\\\/schema.org\",\"@graph\":[{\"@type\":\"WebPage\",\"@id\":\"https:\\\/\\\/mizzon360coffeecaps.com\\\/capsule-mizzon-design\\\/\",\"url\":\"https:\\\/\\\/mizzon360coffeecaps.com\\\/capsule-mizzon-design\\\/\",\"name\":\"Capsule Mizzon Design - Mizzon 360 Coffee Caps\",\"isPartOf\":{\"@id\":\"https:\\\/\\\/mizzon360coffeecaps.com\\\/#website\"},\"primaryImageOfPage\":{\"@id\":\"https:\\\/\\\/mizzon360coffeecaps.com\\\/capsule-mizzon-design\\\/#primaryimage\"},\"image\":{\"@id\":\"https:\\\/\\\/mizzon360coffeecaps.com\\\/capsule-mizzon-design\\\/#primaryimage\"},\"thumbnailUrl\":\"https:\\\/\\\/mizzon360coffeecaps.com\\\/wp-content\\\/uploads\\\/2022\\\/03\\\/MIZZON-DESIGN_03-1024x576.jpg\",\"datePublished\":\"2022-03-13T09:42:59+00:00\",\"dateModified\":\"2022-06-27T16:11:52+00:00\",\"breadcrumb\":{\"@id\":\"https:\\\/\\\/mizzon360coffeecaps.com\\\/capsule-mizzon-design\\\/#breadcrumb\"},\"inLanguage\":\"en-GB\",\"potentialAction\":[{\"@type\":\"ReadAction\",\"target\":[\"https:\\\/\\\/mizzon360coffeecaps.com\\\/capsule-mizzon-design\\\/\"]}]},{\"@type\":\"ImageObject\",\"inLanguage\":\"en-GB\",\"@id\":\"https:\\\/\\\/mizzon360coffeecaps.com\\\/capsule-mizzon-design\\\/#primaryimage\",\"url\":\"https:\\\/\\\/mizzon360coffeecaps.com\\\/wp-content\\\/uploads\\\/2022\\\/03\\\/MIZZON-DESIGN_03-1024x576.jpg\",\"contentUrl\":\"https:\\\/\\\/mizzon360coffeecaps.com\\\/wp-content\\\/uploads\\\/2022\\\/03\\\/MIZZON-DESIGN_03-1024x576.jpg\"},{\"@type\":\"BreadcrumbList\",\"@id\":\"https:\\\/\\\/mizzon360coffeecaps.com\\\/capsule-mizzon-design\\\/#breadcrumb\",\"itemListElement\":[{\"@type\":\"ListItem\",\"position\":1,\"name\":\"Home\",\"item\":\"https:\\\/\\\/mizzon360coffeecaps.com\\\/\"},{\"@type\":\"ListItem\",\"position\":2,\"name\":\"Capsule Mizzon Design\"}]},{\"@type\":\"WebSite\",\"@id\":\"https:\\\/\\\/mizzon360coffeecaps.com\\\/#website\",\"url\":\"https:\\\/\\\/mizzon360coffeecaps.com\\\/\",\"name\":\"Mizzon 360 Coffee Caps\",\"description\":\"Mizzon 360 Coffee Caps, Enjoy The Difference\",\"potentialAction\":[{\"@type\":\"SearchAction\",\"target\":{\"@type\":\"EntryPoint\",\"urlTemplate\":\"https:\\\/\\\/mizzon360coffeecaps.com\\\/?s={search_term_string}\"},\"query-input\":{\"@type\":\"PropertyValueSpecification\",\"valueRequired\":true,\"valueName\":\"search_term_string\"}}],\"inLanguage\":\"en-GB\"}]}<\/script>\n<!-- \/ Yoast SEO plugin. -->","yoast_head_json":{"title":"Capsule Mizzon Design - Mizzon 360 Coffee Caps","robots":{"index":"index","follow":"follow","max-snippet":"max-snippet:-1","max-image-preview":"max-image-preview:large","max-video-preview":"max-video-preview:-1"},"canonical":"https:\/\/mizzon360coffeecaps.com\/en\/capsule-mizzon-design\/","og_locale":"en_GB","og_type":"article","og_title":"Capsule Mizzon Design - Mizzon 360 Coffee Caps","og_description":"ORO ROSSO ARANCIONE AZZURRO ARGENTO MARRONE NERO Precedente Successivo Le nostre capsule Mizzon &#8220;Il Design made in Italy&#8221; La Capsula Mizzon, 100% in alluminio, \u00e8 stata concepita con un design esclusivo e brevettato per ottenere la massima capacit\u00e0 di tenuta in fase di estrazione del caff\u00e8.\u00a0 Il particolare design della capsula permette l&#8217;utilizzo anche per [&hellip;]","og_url":"https:\/\/mizzon360coffeecaps.com\/en\/capsule-mizzon-design\/","og_site_name":"Mizzon 360 Coffee Caps","article_modified_time":"2022-06-27T16:11:52+00:00","og_image":[{"url":"https:\/\/mizzon360coffeecaps.com\/wp-content\/uploads\/2022\/03\/MIZZON-DESIGN_03-1024x576.jpg","type":"","width":"","height":""}],"twitter_card":"summary_large_image","twitter_misc":{"Estimated reading time":"3 minutes"},"schema":{"@context":"https:\/\/schema.org","@graph":[{"@type":"WebPage","@id":"https:\/\/mizzon360coffeecaps.com\/capsule-mizzon-design\/","url":"https:\/\/mizzon360coffeecaps.com\/capsule-mizzon-design\/","name":"Capsule Mizzon Design - Mizzon 360 Coffee Caps","isPartOf":{"@id":"https:\/\/mizzon360coffeecaps.com\/#website"},"primaryImageOfPage":{"@id":"https:\/\/mizzon360coffeecaps.com\/capsule-mizzon-design\/#primaryimage"},"image":{"@id":"https:\/\/mizzon360coffeecaps.com\/capsule-mizzon-design\/#primaryimage"},"thumbnailUrl":"https:\/\/mizzon360coffeecaps.com\/wp-content\/uploads\/2022\/03\/MIZZON-DESIGN_03-1024x576.jpg","datePublished":"2022-03-13T09:42:59+00:00","dateModified":"2022-06-27T16:11:52+00:00","breadcrumb":{"@id":"https:\/\/mizzon360coffeecaps.com\/capsule-mizzon-design\/#breadcrumb"},"inLanguage":"en-GB","potentialAction":[{"@type":"ReadAction","target":["https:\/\/mizzon360coffeecaps.com\/capsule-mizzon-design\/"]}]},{"@type":"ImageObject","inLanguage":"en-GB","@id":"https:\/\/mizzon360coffeecaps.com\/capsule-mizzon-design\/#primaryimage","url":"https:\/\/mizzon360coffeecaps.com\/wp-content\/uploads\/2022\/03\/MIZZON-DESIGN_03-1024x576.jpg","contentUrl":"https:\/\/mizzon360coffeecaps.com\/wp-content\/uploads\/2022\/03\/MIZZON-DESIGN_03-1024x576.jpg"},{"@type":"BreadcrumbList","@id":"https:\/\/mizzon360coffeecaps.com\/capsule-mizzon-design\/#breadcrumb","itemListElement":[{"@type":"ListItem","position":1,"name":"Home","item":"https:\/\/mizzon360coffeecaps.com\/"},{"@type":"ListItem","position":2,"name":"Capsule Mizzon Design"}]},{"@type":"WebSite","@id":"https:\/\/mizzon360coffeecaps.com\/#website","url":"https:\/\/mizzon360coffeecaps.com\/","name":"Mizzon 360 Coffee Caps","description":"Mizzon 360 Coffee Caps, Enjoy The Difference","potentialAction":[{"@type":"SearchAction","target":{"@type":"EntryPoint","urlTemplate":"https:\/\/mizzon360coffeecaps.com\/?s={search_term_string}"},"query-input":{"@type":"PropertyValueSpecification","valueRequired":true,"valueName":"search_term_string"}}],"inLanguage":"en-GB"}]}},"_links":{"self":[{"href":"https:\/\/mizzon360coffeecaps.com\/en\/wp-json\/wp\/v2\/pages\/7036","targetHints":{"allow":["GET"]}}],"collection":[{"href":"https:\/\/mizzon360coffeecaps.com\/en\/wp-json\/wp\/v2\/pages"}],"about":[{"href":"https:\/\/mizzon360coffeecaps.com\/en\/wp-json\/wp\/v2\/types\/page"}],"author":[{"embeddable":true,"href":"https:\/\/mizzon360coffeecaps.com\/en\/wp-json\/wp\/v2\/users\/1"}],"replies":[{"embeddable":true,"href":"https:\/\/mizzon360coffeecaps.com\/en\/wp-json\/wp\/v2\/comments?post=7036"}],"version-history":[{"count":107,"href":"https:\/\/mizzon360coffeecaps.com\/en\/wp-json\/wp\/v2\/pages\/7036\/revisions"}],"predecessor-version":[{"id":7672,"href":"https:\/\/mizzon360coffeecaps.com\/en\/wp-json\/wp\/v2\/pages\/7036\/revisions\/7672"}],"wp:attachment":[{"href":"https:\/\/mizzon360coffeecaps.com\/en\/wp-json\/wp\/v2\/media?parent=7036"}],"curies":[{"name":"wp","href":"https:\/\/api.w.org\/{rel}","templated":true}]}}