{"id":6233,"date":"2021-09-20T07:19:47","date_gmt":"2021-09-20T05:19:47","guid":{"rendered":"https:\/\/mocca.true-emotions.studio\/?page_id=6233"},"modified":"2022-06-27T18:13:02","modified_gmt":"2022-06-27T16:13:02","slug":"our-capsules","status":"publish","type":"page","link":"https:\/\/mizzon360coffeecaps.com\/en\/our-capsules\/","title":{"rendered":"Our Capsules"},"content":{"rendered":"<div data-elementor-type=\"wp-page\" data-elementor-id=\"6233\" class=\"elementor elementor-6233\" data-elementor-settings=\"{&quot;ha_cmc_init_switcher&quot;:&quot;no&quot;}\">\n\t\t\t\t\t\t<section class=\"elementor-section elementor-top-section elementor-element elementor-element-c8be014 elementor-section-boxed elementor-section-height-default elementor-section-height-default\" data-id=\"c8be014\" data-element_type=\"section\" data-e-type=\"section\" data-settings=\"{&quot;_ha_eqh_enable&quot;:false}\">\n\t\t\t\t\t\t<div class=\"elementor-container elementor-column-gap-default\">\n\t\t\t\t\t<div class=\"elementor-column elementor-col-100 elementor-top-column elementor-element elementor-element-352b7d4\" data-id=\"352b7d4\" data-element_type=\"column\" data-e-type=\"column\">\n\t\t\t<div class=\"elementor-widget-wrap elementor-element-populated\">\n\t\t\t\t\t\t<section class=\"elementor-section elementor-inner-section elementor-element elementor-element-3dfda6c elementor-section-content-middle elementor-section-full_width elementor-section-height-default elementor-section-height-default\" data-id=\"3dfda6c\" data-element_type=\"section\" data-e-type=\"section\" data-settings=\"{&quot;background_background&quot;:&quot;classic&quot;,&quot;_ha_eqh_enable&quot;:false}\">\n\t\t\t\t\t\t<div class=\"elementor-container elementor-column-gap-default\">\n\t\t\t\t\t<div class=\"elementor-column elementor-col-50 elementor-inner-column elementor-element elementor-element-cdd24d8\" data-id=\"cdd24d8\" data-element_type=\"column\" data-e-type=\"column\">\n\t\t\t<div class=\"elementor-widget-wrap elementor-element-populated\">\n\t\t\t\t\t\t<div class=\"elementor-element elementor-element-87b9eb6 elementor-widget elementor-widget-heading\" data-id=\"87b9eb6\" data-element_type=\"widget\" data-e-type=\"widget\" data-widget_type=\"heading.default\">\n\t\t\t\t<div class=\"elementor-widget-container\">\n\t\t\t\t\t<h2 class=\"elementor-heading-title elementor-size-default\">Our Capsules<\/h2>\t\t\t\t<\/div>\n\t\t\t\t<\/div>\n\t\t\t\t<div class=\"elementor-element elementor-element-5ec6062 elementor-widget elementor-widget-heading\" data-id=\"5ec6062\" data-element_type=\"widget\" data-e-type=\"widget\" data-widget_type=\"heading.default\">\n\t\t\t\t<div class=\"elementor-widget-container\">\n\t\t\t\t\t<div class=\"elementor-heading-title elementor-size-default\">Maximum Aroma Protection Guarantee<\/div>\t\t\t\t<\/div>\n\t\t\t\t<\/div>\n\t\t\t\t<div class=\"elementor-element elementor-element-f0993c4 elementor-widget elementor-widget-text-editor\" data-id=\"f0993c4\" data-element_type=\"widget\" data-e-type=\"widget\" data-widget_type=\"text-editor.default\">\n\t\t\t\t<div class=\"elementor-widget-container\">\n\t\t\t\t\t\t\t\t\t<p>Empty capsules made of 100% recyclable aluminum, offer maximum level of protection against oxygen, moisture and light while preserving the aroma of coffee without the release of scent or flavor substances.<\/p>\t\t\t\t\t\t\t\t<\/div>\n\t\t\t\t<\/div>\n\t\t\t\t<div class=\"elementor-element elementor-element-08a9e8c elementor-align-left elementor-widget elementor-widget-button\" data-id=\"08a9e8c\" data-element_type=\"widget\" data-e-type=\"widget\" data-widget_type=\"button.default\">\n\t\t\t\t<div class=\"elementor-widget-container\">\n\t\t\t\t\t\t\t\t\t<div class=\"elementor-button-wrapper\">\n\t\t\t\t\t<a class=\"elementor-button elementor-button-link elementor-size-sm\" href=\"https:\/\/mizzon360coffeecaps.com\/en\/capsule-mizzon-design\/\">\n\t\t\t\t\t\t<span class=\"elementor-button-content-wrapper\">\n\t\t\t\t\t\t\t\t\t<span class=\"elementor-button-text\">FIND OUT MORE<\/span>\n\t\t\t\t\t<\/span>\n\t\t\t\t\t<\/a>\n\t\t\t\t<\/div>\n\t\t\t\t\t\t\t\t<\/div>\n\t\t\t\t<\/div>\n\t\t\t\t\t<\/div>\n\t\t<\/div>\n\t\t\t\t<div class=\"elementor-column elementor-col-50 elementor-inner-column elementor-element elementor-element-f3aeb3e\" data-id=\"f3aeb3e\" data-element_type=\"column\" data-e-type=\"column\" data-settings=\"{&quot;background_background&quot;:&quot;classic&quot;}\">\n\t\t\t<div class=\"elementor-widget-wrap elementor-element-populated\">\n\t\t\t\t\t\t<div class=\"elementor-element elementor-element-fc26b66 elementor-widget elementor-widget-spacer\" data-id=\"fc26b66\" data-element_type=\"widget\" data-e-type=\"widget\" data-widget_type=\"spacer.default\">\n\t\t\t\t<div class=\"elementor-widget-container\">\n\t\t\t\t\t\t\t<div class=\"elementor-spacer\">\n\t\t\t<div class=\"elementor-spacer-inner\"><\/div>\n\t\t<\/div>\n\t\t\t\t\t\t<\/div>\n\t\t\t\t<\/div>\n\t\t\t\t\t<\/div>\n\t\t<\/div>\n\t\t\t\t\t<\/div>\n\t\t<\/section>\n\t\t\t\t<div class=\"elementor-element elementor-element-58170a9 elementor-widget elementor-widget-heading\" data-id=\"58170a9\" data-element_type=\"widget\" data-e-type=\"widget\" data-widget_type=\"heading.default\">\n\t\t\t\t<div class=\"elementor-widget-container\">\n\t\t\t\t\t<h2 class=\"elementor-heading-title elementor-size-default\">Choose your capsule<br><span style=\"font-size:12.0pt;,sans-serif\">CAPSULA MIZZON | CAPSULA FLAT<\/span><\/h2>\t\t\t\t<\/div>\n\t\t\t\t<\/div>\n\t\t\t\t\t<\/div>\n\t\t<\/div>\n\t\t\t\t\t<\/div>\n\t\t<\/section>\n\t\t\t\t<section class=\"elementor-section elementor-top-section elementor-element elementor-element-f7fb5ce elementor-section-boxed elementor-section-height-default elementor-section-height-default\" data-id=\"f7fb5ce\" data-element_type=\"section\" data-e-type=\"section\" data-settings=\"{&quot;_ha_eqh_enable&quot;:false}\">\n\t\t\t\t\t\t<div class=\"elementor-container elementor-column-gap-default\">\n\t\t\t\t\t<div class=\"elementor-column elementor-col-50 elementor-top-column elementor-element elementor-element-83a8f87\" data-id=\"83a8f87\" data-element_type=\"column\" data-e-type=\"column\">\n\t\t\t<div class=\"elementor-widget-wrap elementor-element-populated\">\n\t\t\t\t\t\t<div class=\"elementor-element elementor-element-5b71920 ha-has-bg-overlay elementor-widget elementor-widget-mocca-banner\" data-id=\"5b71920\" data-element_type=\"widget\" data-e-type=\"widget\" data-widget_type=\"mocca-banner.default\">\n\t\t\t\t<div class=\"elementor-widget-container\">\n\t\t\t\t\t<a href=\"https:\/\/mizzon360coffeecaps.com\/en\/capsule-mizzon-design\/\" class=\"banner\"><span class=\"banner__img\"><img decoding=\"async\" src=\"https:\/\/mizzon360coffeecaps.com\/wp-content\/uploads\/2022\/04\/MIZZON-DESIGN_06-scaled.jpg\" alt=\"\"><\/span><span class=\"banner__info\"><span>Design Mizzon<\/span><\/span><\/a>\t\t\t\t<\/div>\n\t\t\t\t<\/div>\n\t\t\t\t\t<\/div>\n\t\t<\/div>\n\t\t\t\t<div class=\"elementor-column elementor-col-50 elementor-top-column elementor-element elementor-element-d1f09d4\" data-id=\"d1f09d4\" data-element_type=\"column\" data-e-type=\"column\">\n\t\t\t<div class=\"elementor-widget-wrap elementor-element-populated\">\n\t\t\t\t\t\t<div class=\"elementor-element elementor-element-8a31fe0 ha-has-bg-overlay elementor-widget elementor-widget-mocca-banner\" data-id=\"8a31fe0\" data-element_type=\"widget\" data-e-type=\"widget\" data-widget_type=\"mocca-banner.default\">\n\t\t\t\t<div class=\"elementor-widget-container\">\n\t\t\t\t\t<a href=\"https:\/\/mizzon360coffeecaps.com\/en\/capsule-flat\/\" class=\"banner\"><span class=\"banner__img\"><img decoding=\"async\" src=\"https:\/\/mizzon360coffeecaps.com\/wp-content\/uploads\/2022\/04\/BLACK_7-scaled.jpg\" alt=\"\"><\/span><span class=\"banner__info\"><span>Capsula flat<\/span><\/span><\/a>\t\t\t\t<\/div>\n\t\t\t\t<\/div>\n\t\t\t\t\t<\/div>\n\t\t<\/div>\n\t\t\t\t\t<\/div>\n\t\t<\/section>\n\t\t\t\t<\/div>","protected":false},"excerpt":{"rendered":"<p>Le nostre capsule Massima Garanzia di Protezione dell&#8217;aroma Capsule vuote in alluminio 100% riciclabile, offrono massimo livello di protezione contro ossigeno, umidit\u00e0 e luce preservando l&#8217;aroma del caff\u00e8 senza il rilascio di sostanze aromatiche o gustative. Scopri di pi\u00f9 Scegli la Tua CapsulaCAPSULA MIZZON | CAPSULA FLAT Design Mizzon Capsula flat<\/p>","protected":false},"author":1,"featured_media":0,"parent":0,"menu_order":0,"comment_status":"closed","ping_status":"closed","template":"","meta":{"inline_featured_image":false,"footnotes":""},"class_list":["post-6233","page","type-page","status-publish","hentry"],"yoast_head":"<!-- This site is optimized with the Yoast SEO plugin v27.4 - https:\/\/yoast.com\/product\/yoast-seo-wordpress\/ -->\n<title>Le Nostre Capsule - Mizzon 360 Coffee Caps<\/title>\n<meta name=\"robots\" content=\"index, follow, max-snippet:-1, max-image-preview:large, max-video-preview:-1\" \/>\n<link rel=\"canonical\" href=\"https:\/\/mizzon360coffeecaps.com\/en\/our-capsules\/\" \/>\n<meta property=\"og:locale\" content=\"en_GB\" \/>\n<meta property=\"og:type\" content=\"article\" \/>\n<meta property=\"og:title\" content=\"Le Nostre Capsule - Mizzon 360 Coffee Caps\" \/>\n<meta property=\"og:description\" content=\"Le nostre capsule Massima Garanzia di Protezione dell&#8217;aroma Capsule vuote in alluminio 100% riciclabile, offrono massimo livello di protezione contro ossigeno, umidit\u00e0 e luce preservando l&#8217;aroma del caff\u00e8 senza il rilascio di sostanze aromatiche o gustative. Scopri di pi\u00f9 Scegli la Tua CapsulaCAPSULA MIZZON | CAPSULA FLAT Design Mizzon Capsula flat\" \/>\n<meta property=\"og:url\" content=\"https:\/\/mizzon360coffeecaps.com\/en\/our-capsules\/\" \/>\n<meta property=\"og:site_name\" content=\"Mizzon 360 Coffee Caps\" \/>\n<meta property=\"article:modified_time\" content=\"2022-06-27T16:13:02+00:00\" \/>\n<meta property=\"og:image\" content=\"https:\/\/mizzon360coffeecaps.com\/wp-content\/uploads\/2022\/04\/MIZZON-DESIGN_06-scaled.jpg\" \/>\n<meta name=\"twitter:card\" content=\"summary_large_image\" \/>\n<meta name=\"twitter:label1\" content=\"Estimated reading time\" \/>\n\t<meta name=\"twitter:data1\" content=\"1 minute\" \/>\n<script type=\"application\/ld+json\" class=\"yoast-schema-graph\">{\"@context\":\"https:\\\/\\\/schema.org\",\"@graph\":[{\"@type\":\"WebPage\",\"@id\":\"https:\\\/\\\/mizzon360coffeecaps.com\\\/our-capsules\\\/\",\"url\":\"https:\\\/\\\/mizzon360coffeecaps.com\\\/our-capsules\\\/\",\"name\":\"Le Nostre Capsule - Mizzon 360 Coffee Caps\",\"isPartOf\":{\"@id\":\"https:\\\/\\\/mizzon360coffeecaps.com\\\/#website\"},\"primaryImageOfPage\":{\"@id\":\"https:\\\/\\\/mizzon360coffeecaps.com\\\/our-capsules\\\/#primaryimage\"},\"image\":{\"@id\":\"https:\\\/\\\/mizzon360coffeecaps.com\\\/our-capsules\\\/#primaryimage\"},\"thumbnailUrl\":\"https:\\\/\\\/mizzon360coffeecaps.com\\\/wp-content\\\/uploads\\\/2022\\\/04\\\/MIZZON-DESIGN_06-scaled.jpg\",\"datePublished\":\"2021-09-20T05:19:47+00:00\",\"dateModified\":\"2022-06-27T16:13:02+00:00\",\"breadcrumb\":{\"@id\":\"https:\\\/\\\/mizzon360coffeecaps.com\\\/our-capsules\\\/#breadcrumb\"},\"inLanguage\":\"en-GB\",\"potentialAction\":[{\"@type\":\"ReadAction\",\"target\":[\"https:\\\/\\\/mizzon360coffeecaps.com\\\/our-capsules\\\/\"]}]},{\"@type\":\"ImageObject\",\"inLanguage\":\"en-GB\",\"@id\":\"https:\\\/\\\/mizzon360coffeecaps.com\\\/our-capsules\\\/#primaryimage\",\"url\":\"https:\\\/\\\/mizzon360coffeecaps.com\\\/wp-content\\\/uploads\\\/2022\\\/04\\\/MIZZON-DESIGN_06-scaled.jpg\",\"contentUrl\":\"https:\\\/\\\/mizzon360coffeecaps.com\\\/wp-content\\\/uploads\\\/2022\\\/04\\\/MIZZON-DESIGN_06-scaled.jpg\"},{\"@type\":\"BreadcrumbList\",\"@id\":\"https:\\\/\\\/mizzon360coffeecaps.com\\\/our-capsules\\\/#breadcrumb\",\"itemListElement\":[{\"@type\":\"ListItem\",\"position\":1,\"name\":\"Home\",\"item\":\"https:\\\/\\\/mizzon360coffeecaps.com\\\/\"},{\"@type\":\"ListItem\",\"position\":2,\"name\":\"Le Nostre Capsule\"}]},{\"@type\":\"WebSite\",\"@id\":\"https:\\\/\\\/mizzon360coffeecaps.com\\\/#website\",\"url\":\"https:\\\/\\\/mizzon360coffeecaps.com\\\/\",\"name\":\"Mizzon 360 Coffee Caps\",\"description\":\"Mizzon 360 Coffee Caps, Enjoy The Difference\",\"potentialAction\":[{\"@type\":\"SearchAction\",\"target\":{\"@type\":\"EntryPoint\",\"urlTemplate\":\"https:\\\/\\\/mizzon360coffeecaps.com\\\/?s={search_term_string}\"},\"query-input\":{\"@type\":\"PropertyValueSpecification\",\"valueRequired\":true,\"valueName\":\"search_term_string\"}}],\"inLanguage\":\"en-GB\"}]}<\/script>\n<!-- \/ Yoast SEO plugin. -->","yoast_head_json":{"title":"Le Nostre Capsule - Mizzon 360 Coffee Caps","robots":{"index":"index","follow":"follow","max-snippet":"max-snippet:-1","max-image-preview":"max-image-preview:large","max-video-preview":"max-video-preview:-1"},"canonical":"https:\/\/mizzon360coffeecaps.com\/en\/our-capsules\/","og_locale":"en_GB","og_type":"article","og_title":"Le Nostre Capsule - Mizzon 360 Coffee Caps","og_description":"Le nostre capsule Massima Garanzia di Protezione dell&#8217;aroma Capsule vuote in alluminio 100% riciclabile, offrono massimo livello di protezione contro ossigeno, umidit\u00e0 e luce preservando l&#8217;aroma del caff\u00e8 senza il rilascio di sostanze aromatiche o gustative. Scopri di pi\u00f9 Scegli la Tua CapsulaCAPSULA MIZZON | CAPSULA FLAT Design Mizzon Capsula flat","og_url":"https:\/\/mizzon360coffeecaps.com\/en\/our-capsules\/","og_site_name":"Mizzon 360 Coffee Caps","article_modified_time":"2022-06-27T16:13:02+00:00","og_image":[{"url":"https:\/\/mizzon360coffeecaps.com\/wp-content\/uploads\/2022\/04\/MIZZON-DESIGN_06-scaled.jpg","type":"","width":"","height":""}],"twitter_card":"summary_large_image","twitter_misc":{"Estimated reading time":"1 minute"},"schema":{"@context":"https:\/\/schema.org","@graph":[{"@type":"WebPage","@id":"https:\/\/mizzon360coffeecaps.com\/our-capsules\/","url":"https:\/\/mizzon360coffeecaps.com\/our-capsules\/","name":"Le Nostre Capsule - Mizzon 360 Coffee Caps","isPartOf":{"@id":"https:\/\/mizzon360coffeecaps.com\/#website"},"primaryImageOfPage":{"@id":"https:\/\/mizzon360coffeecaps.com\/our-capsules\/#primaryimage"},"image":{"@id":"https:\/\/mizzon360coffeecaps.com\/our-capsules\/#primaryimage"},"thumbnailUrl":"https:\/\/mizzon360coffeecaps.com\/wp-content\/uploads\/2022\/04\/MIZZON-DESIGN_06-scaled.jpg","datePublished":"2021-09-20T05:19:47+00:00","dateModified":"2022-06-27T16:13:02+00:00","breadcrumb":{"@id":"https:\/\/mizzon360coffeecaps.com\/our-capsules\/#breadcrumb"},"inLanguage":"en-GB","potentialAction":[{"@type":"ReadAction","target":["https:\/\/mizzon360coffeecaps.com\/our-capsules\/"]}]},{"@type":"ImageObject","inLanguage":"en-GB","@id":"https:\/\/mizzon360coffeecaps.com\/our-capsules\/#primaryimage","url":"https:\/\/mizzon360coffeecaps.com\/wp-content\/uploads\/2022\/04\/MIZZON-DESIGN_06-scaled.jpg","contentUrl":"https:\/\/mizzon360coffeecaps.com\/wp-content\/uploads\/2022\/04\/MIZZON-DESIGN_06-scaled.jpg"},{"@type":"BreadcrumbList","@id":"https:\/\/mizzon360coffeecaps.com\/our-capsules\/#breadcrumb","itemListElement":[{"@type":"ListItem","position":1,"name":"Home","item":"https:\/\/mizzon360coffeecaps.com\/"},{"@type":"ListItem","position":2,"name":"Le Nostre Capsule"}]},{"@type":"WebSite","@id":"https:\/\/mizzon360coffeecaps.com\/#website","url":"https:\/\/mizzon360coffeecaps.com\/","name":"Mizzon 360 Coffee Caps","description":"Mizzon 360 Coffee Caps, Enjoy The Difference","potentialAction":[{"@type":"SearchAction","target":{"@type":"EntryPoint","urlTemplate":"https:\/\/mizzon360coffeecaps.com\/?s={search_term_string}"},"query-input":{"@type":"PropertyValueSpecification","valueRequired":true,"valueName":"search_term_string"}}],"inLanguage":"en-GB"}]}},"_links":{"self":[{"href":"https:\/\/mizzon360coffeecaps.com\/en\/wp-json\/wp\/v2\/pages\/6233","targetHints":{"allow":["GET"]}}],"collection":[{"href":"https:\/\/mizzon360coffeecaps.com\/en\/wp-json\/wp\/v2\/pages"}],"about":[{"href":"https:\/\/mizzon360coffeecaps.com\/en\/wp-json\/wp\/v2\/types\/page"}],"author":[{"embeddable":true,"href":"https:\/\/mizzon360coffeecaps.com\/en\/wp-json\/wp\/v2\/users\/1"}],"replies":[{"embeddable":true,"href":"https:\/\/mizzon360coffeecaps.com\/en\/wp-json\/wp\/v2\/comments?post=6233"}],"version-history":[{"count":109,"href":"https:\/\/mizzon360coffeecaps.com\/en\/wp-json\/wp\/v2\/pages\/6233\/revisions"}],"predecessor-version":[{"id":7675,"href":"https:\/\/mizzon360coffeecaps.com\/en\/wp-json\/wp\/v2\/pages\/6233\/revisions\/7675"}],"wp:attachment":[{"href":"https:\/\/mizzon360coffeecaps.com\/en\/wp-json\/wp\/v2\/media?parent=6233"}],"curies":[{"name":"wp","href":"https:\/\/api.w.org\/{rel}","templated":true}]}}